{"id":1036,"date":"2024-02-10T13:43:00","date_gmt":"2024-02-10T13:43:00","guid":{"rendered":"https:\/\/startersites.io\/elementor\/smile-dent\/?page_id=1036"},"modified":"2025-09-04T21:19:59","modified_gmt":"2025-09-04T21:19:59","slug":"projekt","status":"publish","type":"page","link":"https:\/\/pako.edu.pl\/index.php\/projekt\/","title":{"rendered":"O projekcie"},"content":{"rendered":"\t\t<div data-elementor-type=\"wp-page\" data-elementor-id=\"1036\" class=\"elementor elementor-1036\">\n\t\t\t\t<div class=\"elementor-element elementor-element-b24655f e-flex e-con-boxed e-con e-parent\" data-id=\"b24655f\" data-element_type=\"container\">\n\t\t\t\t\t<div class=\"e-con-inner\">\n\t\t<div class=\"elementor-element elementor-element-1b88c9a e-flex e-con-boxed e-con e-child\" data-id=\"1b88c9a\" data-element_type=\"container\" data-settings=\"{&quot;background_background&quot;:&quot;classic&quot;}\">\n\t\t\t\t\t<div class=\"e-con-inner\">\n\t\t<div class=\"elementor-element elementor-element-657070c e-con-full e-flex e-con e-child\" data-id=\"657070c\" data-element_type=\"container\">\n\t\t\t\t<div class=\"elementor-element elementor-element-ff664a0 elementor-widget elementor-widget-shortcode\" data-id=\"ff664a0\" data-element_type=\"widget\" data-widget_type=\"shortcode.default\">\n\t\t\t\t\t\t\t<div class=\"elementor-shortcode\"><\/div>\n\t\t\t\t\t\t<\/div>\n\t\t\t\t<div class=\"elementor-element elementor-element-3ff157b elementor-widget elementor-widget-heading\" data-id=\"3ff157b\" data-element_type=\"widget\" data-widget_type=\"heading.default\">\n\t\t\t\t\t<h2 class=\"elementor-heading-title elementor-size-default\">O projekcie<\/h2>\t\t\t\t<\/div>\n\t\t\t\t<div class=\"elementor-element elementor-element-414ece8 elementor-widget elementor-widget-text-editor\" data-id=\"414ece8\" data-element_type=\"widget\" data-widget_type=\"text-editor.default\">\n\t\t\t\t\t\t\t\t\t<p><strong data-start=\"166\" data-end=\"220\">Pomorska Akademia Kompetencji Obywatelskich<\/strong> to inicjatywa wspieraj\u0105ca uczni\u00f3w szk\u00f3\u0142 ponadpodstawowych z Pomorza w rozwijaniu kompetencji obywatelskich. Projekt \u0142\u0105czy wiedz\u0119 teoretyczn\u0105 z praktyk\u0105 \u2013 uczestnicy poznaj\u0105 zagadnienia prawa konstytucyjnego i praw cz\u0142owieka, a tak\u017ce ucz\u0105 si\u0119, jak argumentowa\u0107 i prowadzi\u0107 debat\u0119. Program obejmuje szkolenia, warsztaty i debaty realizowane przez zesp\u00f3\u0142 do\u015bwiadczonych ekspert\u00f3w i trener\u00f3w.<\/p><p>Zadanie finansowane ze \u015brodk\u00f3w Ministra Edukacji w ramach programu \u201eM\u0142odzi Obywatele\u201d.<\/p>\t\t\t\t\t\t\t\t<\/div>\n\t\t<div class=\"elementor-element elementor-element-9367499 e-con-full e-flex e-con e-child\" data-id=\"9367499\" data-element_type=\"container\">\n\t\t<div class=\"elementor-element elementor-element-a8d7154 e-con-full e-flex e-con e-child\" data-id=\"a8d7154\" data-element_type=\"container\">\n\t\t\t\t<div class=\"elementor-element elementor-element-899f70f elementor-widget elementor-widget-image\" data-id=\"899f70f\" data-element_type=\"widget\" data-widget_type=\"image.default\">\n\t\t\t\t\t\t\t\t\t\t\t\t\t\t\t<img fetchpriority=\"high\" decoding=\"async\" width=\"769\" height=\"432\" src=\"https:\/\/pako.edu.pl\/wp-content\/uploads\/2025\/08\/01_znak_siatka_podstawowy_kolor_biale_tlo-1-kopia.png\" class=\"attachment-full size-full wp-image-1481\" alt=\"\" srcset=\"https:\/\/pako.edu.pl\/wp-content\/uploads\/2025\/08\/01_znak_siatka_podstawowy_kolor_biale_tlo-1-kopia.png 769w, https:\/\/pako.edu.pl\/wp-content\/uploads\/2025\/08\/01_znak_siatka_podstawowy_kolor_biale_tlo-1-kopia-300x169.png 300w\" sizes=\"(max-width: 769px) 100vw, 769px\" \/>\t\t\t\t\t\t\t\t\t\t\t\t\t\t\t<\/div>\n\t\t\t\t<\/div>\n\t\t\t\t<div class=\"elementor-element elementor-element-54099b4 elementor-widget elementor-widget-text-editor\" data-id=\"54099b4\" data-element_type=\"widget\" data-widget_type=\"text-editor.default\">\n\t\t\t\t\t\t\t\t\t<p><span style=\"font-weight: 400;\">Zadanie finansowane ze \u015brodk\u00f3w Ministra Edukacji w ramach programu \u201eM\u0142odzi Obywatele&#8221;.<\/span><\/p>\t\t\t\t\t\t\t\t<\/div>\n\t\t\t\t<\/div>\n\t\t\t\t<\/div>\n\t\t<div class=\"elementor-element elementor-element-98d9719 e-con-full e-flex e-con e-child\" data-id=\"98d9719\" data-element_type=\"container\">\n\t\t\t\t<div class=\"elementor-element elementor-element-b701110 elementor-widget elementor-widget-image\" data-id=\"b701110\" data-element_type=\"widget\" data-widget_type=\"image.default\">\n\t\t\t\t\t\t\t\t\t\t\t\t\t\t\t<img decoding=\"async\" width=\"711\" height=\"642\" src=\"https:\/\/pako.edu.pl\/wp-content\/uploads\/2025\/08\/Unknown-1-e1755627850417.png\" class=\"attachment-large size-large wp-image-1553\" alt=\"\" srcset=\"https:\/\/pako.edu.pl\/wp-content\/uploads\/2025\/08\/Unknown-1-e1755627850417.png 711w, https:\/\/pako.edu.pl\/wp-content\/uploads\/2025\/08\/Unknown-1-e1755627850417-300x271.png 300w\" sizes=\"(max-width: 711px) 100vw, 711px\" \/>\t\t\t\t\t\t\t\t\t\t\t\t\t\t\t<\/div>\n\t\t\t\t<\/div>\n\t\t\t\t\t<\/div>\n\t\t\t\t<\/div>\n\t\t\t\t\t<\/div>\n\t\t\t\t<\/div>\n\t\t<div class=\"elementor-element elementor-element-5454f89 e-flex e-con-boxed e-con e-parent\" data-id=\"5454f89\" data-element_type=\"container\">\n\t\t\t\t\t<div class=\"e-con-inner\">\n\t\t<div class=\"elementor-element elementor-element-6e48f2e e-con-full e-flex e-con e-child\" data-id=\"6e48f2e\" data-element_type=\"container\">\n\t\t<div class=\"elementor-element elementor-element-52bb389 e-con-full e-flex e-con e-child\" data-id=\"52bb389\" data-element_type=\"container\" data-settings=\"{&quot;background_background&quot;:&quot;classic&quot;}\">\n\t\t<div class=\"elementor-element elementor-element-7265444 e-flex e-con-boxed e-con e-child\" data-id=\"7265444\" data-element_type=\"container\" data-settings=\"{&quot;position&quot;:&quot;absolute&quot;}\">\n\t\t\t\t\t<div class=\"e-con-inner\">\n\t\t<div class=\"elementor-element elementor-element-ca96b2c e-con-full e-flex e-con e-child\" data-id=\"ca96b2c\" data-element_type=\"container\">\n\t\t\t\t<div class=\"elementor-element elementor-element-b342051 elementor-widget elementor-widget-heading\" data-id=\"b342051\" data-element_type=\"widget\" data-widget_type=\"heading.default\">\n\t\t\t\t\t<h3 class=\"elementor-heading-title elementor-size-default\">Korzy\u015bci dla uczni\u00f3w:<\/h3>\t\t\t\t<\/div>\n\t\t\t\t<\/div>\n\t\t\t\t<div class=\"elementor-element elementor-element-731a9ee elementor-widget elementor-widget-text-editor\" data-id=\"731a9ee\" data-element_type=\"widget\" data-widget_type=\"text-editor.default\">\n\t\t\t\t\t\t\t\t\t<ul><li style=\"font-weight: 400;\" aria-level=\"1\"><span style=\"font-weight: 400;\">pog\u0142\u0119bienie wiedzy z prawa konstytucyjnego,<br \/><\/span><span style=\"font-weight: 400;\"><br \/><\/span><\/li><li style=\"font-weight: 400;\" aria-level=\"1\"><span style=\"font-weight: 400;\">rozw\u00f3j umiej\u0119tno\u015bci argumentacji i wyst\u0105pie\u0144 publicznych,<br \/><\/span><span style=\"font-weight: 400;\"><br \/><\/span><\/li><li style=\"font-weight: 400;\" aria-level=\"1\"><span style=\"font-weight: 400;\">\u0107wiczenie pracy zespo\u0142owej i krytycznego my\u015blenia,<br \/><\/span><span style=\"font-weight: 400;\"><br \/><\/span><\/li><li style=\"font-weight: 400;\" aria-level=\"1\"><span style=\"font-weight: 400;\">udzia\u0142 w debatach oksfordzkich,<br \/><\/span><span style=\"font-weight: 400;\"><br \/><\/span><\/li><li style=\"font-weight: 400;\" aria-level=\"1\"><span style=\"font-weight: 400;\">certyfikat i materia\u0142y edukacyjne.<\/span><\/li><\/ul>\t\t\t\t\t\t\t\t<\/div>\n\t\t\t\t\t<\/div>\n\t\t\t\t<\/div>\n\t\t\t\t<\/div>\n\t\t<div class=\"elementor-element elementor-element-304ea3f e-con-full e-flex e-con e-child\" data-id=\"304ea3f\" data-element_type=\"container\" data-settings=\"{&quot;background_background&quot;:&quot;classic&quot;}\">\n\t\t<div class=\"elementor-element elementor-element-0bcb244 e-con-full e-flex e-con e-child\" data-id=\"0bcb244\" data-element_type=\"container\" data-settings=\"{&quot;position&quot;:&quot;absolute&quot;}\">\n\t\t<div class=\"elementor-element elementor-element-0fed8c3 e-con-full e-flex e-con e-child\" data-id=\"0fed8c3\" data-element_type=\"container\">\n\t\t<div class=\"elementor-element elementor-element-e1129ea e-con-full e-flex e-con e-child\" data-id=\"e1129ea\" data-element_type=\"container\">\n\t\t\t\t<div class=\"elementor-element elementor-element-f24925b elementor-widget elementor-widget-heading\" data-id=\"f24925b\" data-element_type=\"widget\" data-widget_type=\"heading.default\">\n\t\t\t\t\t<h3 class=\"elementor-heading-title elementor-size-default\">Korzy\u015bci dla nauczycieli:<\/h3>\t\t\t\t<\/div>\n\t\t\t\t<\/div>\n\t\t\t\t<\/div>\n\t\t\t\t<div class=\"elementor-element elementor-element-f21f898 elementor-widget elementor-widget-text-editor\" data-id=\"f21f898\" data-element_type=\"widget\" data-widget_type=\"text-editor.default\">\n\t\t\t\t\t\t\t\t\t<ul><li style=\"font-weight: 400;\" aria-level=\"1\"><span style=\"font-weight: 400;\"><span style=\"font-weight: 400;\"><span style=\"font-weight: 400;\">wzbogacenie oferty edukacyjnej o bezp\u0142atny projekt wysokiej jako\u015bci,<\/span><\/span><\/span><p>\u00a0<\/p><\/li><li style=\"font-weight: 400;\" aria-level=\"1\"><span style=\"font-weight: 400;\"><span style=\"font-weight: 400;\"><span style=\"font-weight: 400;\">promocja szko\u0142y jako miejsca dbaj\u0105cego o rozw\u00f3j obywatelski,<\/span><\/span><\/span><p>\u00a0<\/p><\/li><li style=\"font-weight: 400;\" aria-level=\"1\"><span style=\"font-weight: 400;\"><span style=\"font-weight: 400;\"><span style=\"font-weight: 400;\">wsparcie kadry pedagogicznej w pracy z m\u0142odzie\u017c\u0105,<\/span><\/span><\/span><p>\u00a0<\/p><\/li><li style=\"font-weight: 400;\" aria-level=\"1\"><span style=\"font-weight: 400;\"><span style=\"font-weight: 400;\"><span style=\"font-weight: 400;\">mo\u017cliwo\u015b\u0107 indywidualnego ustalenia termin\u00f3w zaj\u0119\u0107.<\/span><\/span><\/span><p>\u00a0<\/p><\/li><\/ul>\t\t\t\t\t\t\t\t<\/div>\n\t\t\t\t<\/div>\n\t\t\t\t<\/div>\n\t\t\t\t<\/div>\n\t\t\t\t\t<\/div>\n\t\t\t\t<\/div>\n\t\t<div class=\"elementor-element elementor-element-78cb91d7 e-flex e-con-boxed e-con e-parent\" data-id=\"78cb91d7\" data-element_type=\"container\" data-settings=\"{&quot;background_background&quot;:&quot;gradient&quot;}\">\n\t\t\t\t\t<div class=\"e-con-inner\">\n\t\t<div class=\"elementor-element elementor-element-27c0faac e-flex e-con-boxed e-con e-child\" data-id=\"27c0faac\" data-element_type=\"container\" data-settings=\"{&quot;background_background&quot;:&quot;classic&quot;}\">\n\t\t\t\t\t<div class=\"e-con-inner\">\n\t\t<div class=\"elementor-element elementor-element-234adad3 e-con-full e-flex e-con e-child\" data-id=\"234adad3\" data-element_type=\"container\">\n\t\t\t\t<div class=\"elementor-element elementor-element-11f27534 elementor-widget elementor-widget-heading\" data-id=\"11f27534\" data-element_type=\"widget\" data-widget_type=\"heading.default\">\n\t\t\t\t\t<h3 class=\"elementor-heading-title elementor-size-default\">Do\u0142\u0105cz ju\u017c dzi\u015b<\/h3>\t\t\t\t<\/div>\n\t\t\t\t<div class=\"elementor-element elementor-element-25864bca elementor-widget elementor-widget-text-editor\" data-id=\"25864bca\" data-element_type=\"widget\" data-widget_type=\"text-editor.default\">\n\t\t\t\t\t\t\t\t\t<p>i otw\u00f3rz uczniom drog\u0119 do sukcesu na maturze i w przysz\u0142ej pracy.<\/p>\t\t\t\t\t\t\t\t<\/div>\n\t\t\t\t<\/div>\n\t\t<div class=\"elementor-element elementor-element-40c533d5 e-con-full e-flex e-con e-child\" data-id=\"40c533d5\" data-element_type=\"container\">\n\t\t\t\t<div class=\"elementor-element elementor-element-2ca5bfd elementor-widget elementor-widget-button\" data-id=\"2ca5bfd\" data-element_type=\"widget\" data-widget_type=\"button.default\">\n\t\t\t\t\t\t\t\t\t\t<a class=\"elementor-button elementor-button-link elementor-size-sm\" href=\"https:\/\/pako.edu.pl\/index.php\/zapisy\">\n\t\t\t\t\t\t<span class=\"elementor-button-content-wrapper\">\n\t\t\t\t\t\t<span class=\"elementor-button-icon\">\n\t\t\t\t<svg xmlns=\"http:\/\/www.w3.org\/2000\/svg\" viewBox=\"0 0 24 24\"><path fill-rule=\"evenodd\" d=\"M24 0v22.78h-2.87V4.9L2.03 24 0 21.97l19.1-19.1H1.26V0H24Z\"><\/path><\/svg>\t\t\t<\/span>\n\t\t\t\t\t\t\t\t\t<span class=\"elementor-button-text\">Zapisuj\u0119 si\u0119<\/span>\n\t\t\t\t\t<\/span>\n\t\t\t\t\t<\/a>\n\t\t\t\t\t\t\t\t<\/div>\n\t\t\t\t<\/div>\n\t\t\t\t\t<\/div>\n\t\t\t\t<\/div>\n\t\t\t\t\t<\/div>\n\t\t\t\t<\/div>\n\t\t\t\t<\/div>\n\t\t","protected":false},"excerpt":{"rendered":"<p>O projekcie Pomorska Akademia Kompetencji Obywatelskich to inicjatywa wspieraj\u0105ca uczni\u00f3w szk\u00f3\u0142 ponadpodstawowych z Pomorza w rozwijaniu kompetencji obywatelskich. Projekt \u0142\u0105czy wiedz\u0119 teoretyczn\u0105 z praktyk\u0105 \u2013 uczestnicy poznaj\u0105 zagadnienia prawa konstytucyjnego i praw cz\u0142owieka, a tak\u017ce ucz\u0105 si\u0119, jak argumentowa\u0107 i prowadzi\u0107 debat\u0119. Program obejmuje szkolenia, warsztaty i debaty realizowane przez zesp\u00f3\u0142 do\u015bwiadczonych ekspert\u00f3w i trener\u00f3w. [&hellip;]<\/p>\n","protected":false},"author":2,"featured_media":0,"parent":0,"menu_order":0,"comment_status":"closed","ping_status":"closed","template":"","meta":{"footnotes":""},"class_list":["post-1036","page","type-page","status-publish","hentry"],"blocksy_meta":{"has_hero_section":"disabled","vertical_spacing_source":"custom","content_area_spacing":"none","styles_descriptor":{"styles":{"desktop":"","tablet":"","mobile":""},"google_fonts":[],"version":6}},"_links":{"self":[{"href":"https:\/\/pako.edu.pl\/index.php\/wp-json\/wp\/v2\/pages\/1036","targetHints":{"allow":["GET"]}}],"collection":[{"href":"https:\/\/pako.edu.pl\/index.php\/wp-json\/wp\/v2\/pages"}],"about":[{"href":"https:\/\/pako.edu.pl\/index.php\/wp-json\/wp\/v2\/types\/page"}],"author":[{"embeddable":true,"href":"https:\/\/pako.edu.pl\/index.php\/wp-json\/wp\/v2\/users\/2"}],"replies":[{"embeddable":true,"href":"https:\/\/pako.edu.pl\/index.php\/wp-json\/wp\/v2\/comments?post=1036"}],"version-history":[{"count":57,"href":"https:\/\/pako.edu.pl\/index.php\/wp-json\/wp\/v2\/pages\/1036\/revisions"}],"predecessor-version":[{"id":1965,"href":"https:\/\/pako.edu.pl\/index.php\/wp-json\/wp\/v2\/pages\/1036\/revisions\/1965"}],"wp:attachment":[{"href":"https:\/\/pako.edu.pl\/index.php\/wp-json\/wp\/v2\/media?parent=1036"}],"curies":[{"name":"wp","href":"https:\/\/api.w.org\/{rel}","templated":true}]}}