{"id":1038,"date":"2024-02-10T13:43:18","date_gmt":"2024-02-10T13:43:18","guid":{"rendered":"https:\/\/startersites.io\/elementor\/smile-dent\/?page_id=1038"},"modified":"2025-08-21T12:39:43","modified_gmt":"2025-08-21T12:39:43","slug":"zapisy","status":"publish","type":"page","link":"https:\/\/pako.edu.pl\/index.php\/zapisy\/","title":{"rendered":"Zapisy"},"content":{"rendered":"\t\t<div data-elementor-type=\"wp-page\" data-elementor-id=\"1038\" class=\"elementor elementor-1038\">\n\t\t\t\t<div class=\"elementor-element elementor-element-291567e1 e-flex e-con-boxed e-con e-parent\" data-id=\"291567e1\" data-element_type=\"container\" data-settings=\"{&quot;background_background&quot;:&quot;gradient&quot;}\">\n\t\t\t\t\t<div class=\"e-con-inner\">\n\t\t<div class=\"elementor-element elementor-element-60258c55 e-flex e-con-boxed e-con e-child\" data-id=\"60258c55\" data-element_type=\"container\" data-settings=\"{&quot;background_background&quot;:&quot;classic&quot;}\">\n\t\t\t\t\t<div class=\"e-con-inner\">\n\t\t<div class=\"elementor-element elementor-element-3f814f0d e-con-full e-flex e-con e-child\" data-id=\"3f814f0d\" data-element_type=\"container\">\n\t\t\t\t<div class=\"elementor-element elementor-element-49577706 elementor-widget elementor-widget-heading\" data-id=\"49577706\" data-element_type=\"widget\" data-widget_type=\"heading.default\">\n\t\t\t\t\t<h3 class=\"elementor-heading-title elementor-size-default\">Zapraszamy do zapis\u00f3w!<\/h3>\t\t\t\t<\/div>\n\t\t\t\t<\/div>\n\t\t<div class=\"elementor-element elementor-element-142d7d58 e-con-full e-flex e-con e-child\" data-id=\"142d7d58\" data-element_type=\"container\">\n\t\t\t\t<div class=\"elementor-element elementor-element-34928212 elementor-widget elementor-widget-text-editor\" data-id=\"34928212\" data-element_type=\"widget\" data-widget_type=\"text-editor.default\">\n\t\t\t\t\t\t\t\t\t<p>Zapraszamy Pa\u0144stwa do wype\u0142nienia formularza zg\u0142oszeniowego do projektu PAKO. W ramach projektu w ka\u017cdej z grup zrealizowane zostan\u0105 3 spotkania \u2013 szkolenie z zakresu prawa konstytucyjnego, warsztaty z zakresu argumentacji i debata oksfordzka. Udzia\u0142 zg\u0142osi\u0107 mog\u0105 szko\u0142y ponadpodstawowe z obszaru wojew\u00f3dztwa pomorskiego. Zaj\u0119cia realizowane w ramach projektu s\u0105 bezp\u0142atne i odbywaj\u0105 si\u0119 na terenie szk\u00f3\u0142 uczestnicz\u0105cych w projekcie. Po wys\u0142aniu formularza skontaktujemy si\u0119 z Pa\u0144stwem w celu ustalenia termin\u00f3w realizacji zaj\u0119\u0107.<\/p>\t\t\t\t\t\t\t\t<\/div>\n\t\t\t\t<\/div>\n\t\t\t\t\t<\/div>\n\t\t\t\t<\/div>\n\t\t\t\t\t<\/div>\n\t\t\t\t<\/div>\n\t\t<div class=\"elementor-element elementor-element-7e65eca e-flex e-con-boxed e-con e-parent\" data-id=\"7e65eca\" data-element_type=\"container\">\n\t\t\t\t\t<div class=\"e-con-inner\">\n\t\t\t\t<div class=\"elementor-element elementor-element-fcb45ee elementor-widget elementor-widget-html\" data-id=\"fcb45ee\" data-element_type=\"widget\" data-widget_type=\"html.default\">\n\t\t\t\t\t<iframe data-tally-src=\"https:\/\/tally.so\/embed\/mR9Alv?alignLeft=1&hideTitle=1&transparentBackground=1&dynamicHeight=1\" loading=\"lazy\" width=\"100%\" height=\"1392\" frameborder=\"0\" marginheight=\"0\" marginwidth=\"0\" title=\"Pomorska Akademia Kompetencji Obywatelskich\"><\/iframe>\r\n<script>var d=document,w=\"https:\/\/tally.so\/widgets\/embed.js\",v=function(){\"undefined\"!=typeof Tally?Tally.loadEmbeds():d.querySelectorAll(\"iframe[data-tally-src]:not([src])\").forEach((function(e){e.src=e.dataset.tallySrc}))};if(\"undefined\"!=typeof Tally)v();else if(d.querySelector('script[src=\"'+w+'\"]')==null){var s=d.createElement(\"script\");s.src=w,s.onload=v,s.onerror=v,d.body.appendChild(s);}<\/script>\t\t\t\t<\/div>\n\t\t\t\t\t<\/div>\n\t\t\t\t<\/div>\n\t\t\t\t<\/div>\n\t\t","protected":false},"excerpt":{"rendered":"<p>Zapraszamy do zapis\u00f3w! Zapraszamy Pa\u0144stwa do wype\u0142nienia formularza zg\u0142oszeniowego do projektu PAKO. W ramach projektu w ka\u017cdej z grup zrealizowane zostan\u0105 3 spotkania \u2013 szkolenie z zakresu prawa konstytucyjnego, warsztaty z zakresu argumentacji i debata oksfordzka. Udzia\u0142 zg\u0142osi\u0107 mog\u0105 szko\u0142y ponadpodstawowe z obszaru wojew\u00f3dztwa pomorskiego. Zaj\u0119cia realizowane w ramach projektu s\u0105 bezp\u0142atne i odbywaj\u0105 si\u0119 [&hellip;]<\/p>\n","protected":false},"author":2,"featured_media":0,"parent":0,"menu_order":0,"comment_status":"closed","ping_status":"closed","template":"","meta":{"footnotes":""},"class_list":["post-1038","page","type-page","status-publish","hentry"],"blocksy_meta":{"has_hero_section":"disabled","vertical_spacing_source":"custom","content_area_spacing":"none","styles_descriptor":{"styles":{"desktop":"","tablet":"","mobile":""},"google_fonts":[],"version":6}},"_links":{"self":[{"href":"https:\/\/pako.edu.pl\/index.php\/wp-json\/wp\/v2\/pages\/1038","targetHints":{"allow":["GET"]}}],"collection":[{"href":"https:\/\/pako.edu.pl\/index.php\/wp-json\/wp\/v2\/pages"}],"about":[{"href":"https:\/\/pako.edu.pl\/index.php\/wp-json\/wp\/v2\/types\/page"}],"author":[{"embeddable":true,"href":"https:\/\/pako.edu.pl\/index.php\/wp-json\/wp\/v2\/users\/2"}],"replies":[{"embeddable":true,"href":"https:\/\/pako.edu.pl\/index.php\/wp-json\/wp\/v2\/comments?post=1038"}],"version-history":[{"count":18,"href":"https:\/\/pako.edu.pl\/index.php\/wp-json\/wp\/v2\/pages\/1038\/revisions"}],"predecessor-version":[{"id":1929,"href":"https:\/\/pako.edu.pl\/index.php\/wp-json\/wp\/v2\/pages\/1038\/revisions\/1929"}],"wp:attachment":[{"href":"https:\/\/pako.edu.pl\/index.php\/wp-json\/wp\/v2\/media?parent=1038"}],"curies":[{"name":"wp","href":"https:\/\/api.w.org\/{rel}","templated":true}]}}